{"id":10,"date":"2007-08-06T15:01:19","date_gmt":"2007-08-06T13:01:19","guid":{"rendered":"http:\/\/solar-initiative-rudolstadt.de\/?page_id=10"},"modified":"2010-09-19T17:40:31","modified_gmt":"2010-09-19T16:40:31","slug":"anlagen","status":"publish","type":"page","link":"http:\/\/solar-initiative-rudolstadt.de\/?page_id=10","title":{"rendered":"Erfasste Anlagen"},"content":{"rendered":"<p align=\"justify\">Eine Solaranlage ist eine innovative Technik und zeigt die Bedeutung der Umwelt f\u00fcr den Anlagenbetreiber. Durch eine geschickte Installation k\u00f6nnen die gestalterischen Vorteile einer Anlage zum Vorschein gebracht werden und stellen einen interessanten Blickfang f\u00fcr Besucher dar.<\/p>\n<p align=\"justify\">Ich finde, dass eine Stadt wie Rudolstadt, die Bem\u00fchungen seiner Einwohner einen Betrag zur Klimaverbesserung darstellen sollte. Aus diesem Grunde werden hier in Zukunft die installierten Anlagen in Rudolstadt auff\u00fchren.<\/p>\n<p align=\"justify\">Sollten Sie eine Solaranlage betreiben und Interesse haben hier aufgef\u00fchrt zu werden, so k\u00f6nnen Sie <a href=\"http:\/\/solar-initiative-rudolstadt.de\/?page_id=154\">hier<\/a> ihre Anlage anmelden oder sich per <a href=\"mailto:info@solar-initiative-rudolstadt.de\">Email<\/a> an mich wenden. Die aktuell erfassten Anlagen sind ebenfalls in der nachfolgenden <a href=\"http:\/\/solar-initiative-rudolstadt.de\/?page_id=154\">Karte<\/a> dargestellt.<\/p>\n<p>Aktuell (Stand 30.07.2008) sind folgende Rudolst\u00e4dter Anlagen bei der Solarbundesliga gemeldet.<\/p>\n<table border=\"1\">\n<tbody>\n<tr>\n<td>Nr<\/td>\n<td>Adresse<\/td>\n<td>W\u00e4rme<\/td>\n<td style=\"width: 25px;\">Strom<\/td>\n<td>Baujahr<\/td>\n<td align=\"justify\">Gemeldet<br \/>\nbei<br \/>\nSolar-<br \/>\nbundes-<br \/>\nliga<\/td>\n<\/tr>\n<tr>\n<td>\u00a0<\/td>\n<td>\u00a0<\/td>\n<td align=\"left\">Fl\u00e4che solar-<br \/>\nthermischer<br \/>\nKollektoren  in qm<\/td>\n<td align=\"left\">Gesamtleistung<br \/>\nder installierten Photovoltaik-<br \/>\nanlagen in Kilowatt<\/td>\n<td>\u00a0<\/td>\n<td>\u00a0<\/td>\n<\/tr>\n<tr>\n<td>1<\/td>\n<td>Schillerstr 14<\/td>\n<td>4,9<\/td>\n<td>\u00a0<\/td>\n<td>2002<\/td>\n<td>ja<\/td>\n<\/tr>\n<tr>\n<td>2<\/td>\n<td>Gymnasium Friedericianum<\/td>\n<td>\u00a0<\/td>\n<td>6,04<\/td>\n<td>2003<\/td>\n<td>ja<\/td>\n<\/tr>\n<tr>\n<td>3<\/td>\n<td>Titaniastra\u00dfe 2<\/td>\n<td>\u00a0<\/td>\n<td>17,1<\/td>\n<td>2006<\/td>\n<td>ja<\/td>\n<\/tr>\n<tr>\n<td>4<\/td>\n<td>Am Gemeindeberg 2<\/td>\n<td>44,1<\/td>\n<td>\u00a0<\/td>\n<td>\u00a0<\/td>\n<td>ja<\/td>\n<\/tr>\n<tr>\n<td>5<\/td>\n<td>Friedrich-Adolf-Richter-Str. 7<\/td>\n<td>19,6<\/td>\n<td>\u00a0<\/td>\n<td>\u00a0<\/td>\n<td>ja<\/td>\n<\/tr>\n<tr>\n<td>6<\/td>\n<td>Bayreuther Platz 4<\/td>\n<td>27,6<\/td>\n<td>\u00a0<\/td>\n<td>1996<\/td>\n<td>ja<\/td>\n<\/tr>\n<tr>\n<td>7<\/td>\n<td>Schwarzburgerstr.57<\/td>\n<td>\u00a0<\/td>\n<td>59,2<\/td>\n<td>2006<\/td>\n<td>ja<\/td>\n<\/tr>\n<tr>\n<td>8<\/td>\n<td>Am Plan 7 \/ Cumbach<\/td>\n<td>6<\/td>\n<td>\u00a0<\/td>\n<td>2004<\/td>\n<td>ja<\/td>\n<\/tr>\n<tr>\n<td>9<\/td>\n<td>Schillerstr 46<\/td>\n<td>14,7<\/td>\n<td>\u00a0<\/td>\n<td>2006<\/td>\n<td>ja<\/td>\n<\/tr>\n<tr>\n<td>10<\/td>\n<td>Spielbornstrasse 4<\/td>\n<td>\u00a0<\/td>\n<td>10<\/td>\n<td>2005<\/td>\n<td>ja<\/td>\n<\/tr>\n<tr>\n<td>11<\/td>\n<td>Bayreuther Platz 17<\/td>\n<td>4,9<\/td>\n<td>\u00a0<\/td>\n<td>\u00a0<\/td>\n<td>ja<\/td>\n<\/tr>\n<tr>\n<td>12<\/td>\n<td>Rosengraben 5<\/td>\n<td>39,2<\/td>\n<td>\u00a0<\/td>\n<td>2006<\/td>\n<td>ja<\/td>\n<\/tr>\n<tr>\n<td>13<\/td>\n<td>Rosengarten X<\/td>\n<td>9,8<\/td>\n<td>\u00a0<\/td>\n<td>2006<\/td>\n<td>ja<\/td>\n<\/tr>\n<tr>\n<td>14<\/td>\n<td>Gustav-Lilienthal-Stra\u00dfe 36<\/td>\n<td>4,9<\/td>\n<td>\u00a0<\/td>\n<td>2006<\/td>\n<td>ja<\/td>\n<\/tr>\n<tr>\n<td>15<\/td>\n<td>Stadtweg 13b<\/td>\n<td>3<\/td>\n<td>\u00a0<\/td>\n<td>2006<\/td>\n<td>ja<\/td>\n<\/tr>\n<tr>\n<td>16<\/td>\n<td>Am Vogelherd 5<\/td>\n<td>4,9<\/td>\n<td>\u00a0<\/td>\n<td>2006<\/td>\n<td>ja<\/td>\n<\/tr>\n<tr>\n<td>17<\/td>\n<td>Kastanienring 69<\/td>\n<td>7,35<\/td>\n<td>\u00a0<\/td>\n<td>2006<\/td>\n<td>ja<\/td>\n<\/tr>\n<tr>\n<td>18<\/td>\n<td>Eschenweg 6<\/td>\n<td>9,8<\/td>\n<td>\u00a0<\/td>\n<td>2006<\/td>\n<td>ja<\/td>\n<\/tr>\n<tr>\n<td>19<\/td>\n<td>Schwarzburger Str 20A<\/td>\n<td>9,8<\/td>\n<td>\u00a0<\/td>\n<td>2005<\/td>\n<td>ja<\/td>\n<\/tr>\n<tr>\n<td>20<\/td>\n<td>Breitscheidstra\u00dfe 140<\/td>\n<td>9,8<\/td>\n<td>\u00a0<\/td>\n<td>2007<\/td>\n<td>ja<\/td>\n<\/tr>\n<tr>\n<td>21<\/td>\n<td>Breitscheidstrasse 47<\/td>\n<td>4,9<\/td>\n<td>\u00a0<\/td>\n<td>2005<\/td>\n<td>ja<\/td>\n<\/tr>\n<tr>\n<td>22<\/td>\n<td>Am G\u00e4nsebach X, Cumbach<\/td>\n<td>11<\/td>\n<td>\u00a0<\/td>\n<td>2003<\/td>\n<td>ja<\/td>\n<\/tr>\n<tr>\n<td>23<\/td>\n<td>Oststra\u00dfe 41<\/td>\n<td>14,7<\/td>\n<td>\u00a0<\/td>\n<td>2006<\/td>\n<td>ja<\/td>\n<\/tr>\n<tr>\n<td>24<\/td>\n<td>Cumbacher Str 11<\/td>\n<td>7,5<\/td>\n<td>\u00a0<\/td>\n<td>2003<\/td>\n<td>ja<\/td>\n<\/tr>\n<tr>\n<td>25<\/td>\n<td>Raiffeisenstr 6.a<\/td>\n<td>9,8<\/td>\n<td>\u00a0<\/td>\n<td>2004<\/td>\n<td>ja<\/td>\n<\/tr>\n<tr>\n<td>26<\/td>\n<td>Jenaische Str 59<\/td>\n<td>9,8<\/td>\n<td>\u00a0<\/td>\n<td>2005<\/td>\n<td>ja<\/td>\n<\/tr>\n<tr>\n<td valign=\"top\">27<\/td>\n<td valign=\"top\">Kurschnertal 30<\/td>\n<td valign=\"top\">9,8<\/td>\n<td valign=\"top\">\u00a0<\/td>\n<td valign=\"top\">2005<\/td>\n<td valign=\"top\">ja<\/td>\n<\/tr>\n<tr>\n<td>28<\/td>\n<td>Weinbergstrasse XX<\/td>\n<td>14,7<\/td>\n<td>\u00a0<\/td>\n<td>2004<\/td>\n<td>ja<\/td>\n<\/tr>\n<tr>\n<td>29<\/td>\n<td>Werner Johnstrasse 1<\/td>\n<td>7,35<\/td>\n<td>\u00a0<\/td>\n<td>2004<\/td>\n<td>ja<\/td>\n<\/tr>\n<tr>\n<td>30<\/td>\n<td>Weimarische Strasse 5a<\/td>\n<td>&#8211;<\/td>\n<td>29,1<\/td>\n<td>2007<\/td>\n<td>ja<\/td>\n<\/tr>\n<tr>\n<td>31<\/td>\n<td>Preilipper Str. 8<\/td>\n<td>&#8211;<\/td>\n<td>30<\/td>\n<td>2007<\/td>\n<td>ja<\/td>\n<\/tr>\n<tr>\n<td>32<\/td>\n<td>Preilipper Str. 8<\/td>\n<td>19,6<\/td>\n<td>&#8211;<\/td>\n<td>2007<\/td>\n<td>ja<\/td>\n<\/tr>\n<tr>\n<td>33<\/td>\n<td>Grosse Allee XX<\/td>\n<td>14,7<\/td>\n<td>&#8211;<\/td>\n<td>2005<\/td>\n<td>ja<\/td>\n<\/tr>\n<tr>\n<td>34<\/td>\n<td>Kirschgasse 13<\/td>\n<td>4,9<\/td>\n<td>\u00a0<\/td>\n<td>2004<\/td>\n<td>ja<\/td>\n<\/tr>\n<tr>\n<td>35<\/td>\n<td>Schillerstr 14<\/td>\n<td>\u00a0<\/td>\n<td>2,32<\/td>\n<td>2008<\/td>\n<td>ja<\/td>\n<\/tr>\n<tr>\n<td>36<\/td>\n<td>Jenaische Str 99c<\/td>\n<td>\u00a0<\/td>\n<td>4,06<\/td>\n<td>2008<\/td>\n<td>ja<\/td>\n<\/tr>\n<tr>\n<td>37<\/td>\n<td>Am M\u00fchlgraben 11<\/td>\n<td>7,35<\/td>\n<td>\u00a0<\/td>\n<td>2007<\/td>\n<td>ja<\/td>\n<\/tr>\n<tr>\n<td>38<\/td>\n<td>Am M\u00fchlgraben 8<\/td>\n<td>14,7<\/td>\n<td>\u00a0<\/td>\n<td>2007<\/td>\n<td>ja<\/td>\n<\/tr>\n<tr>\n<td>39<\/td>\n<td>Theodor-Neubauerstr 32<\/td>\n<td>4,9<\/td>\n<td>\u00a0<\/td>\n<td>2006<\/td>\n<td>ja<\/td>\n<\/tr>\n<tr>\n<td>40<\/td>\n<td>Schillerstr 12<\/td>\n<td>4,9<\/td>\n<td>\u00a0<\/td>\n<td>2008<\/td>\n<td>ja<\/td>\n<\/tr>\n<tr>\n<td>41<\/td>\n<td>Proffessor Hermann Klare Str. 25<\/td>\n<td>\u00a0<\/td>\n<td>99,18<\/td>\n<td>2008<\/td>\n<td>ja<\/td>\n<\/tr>\n<\/tbody>\n<\/table>\n","protected":false},"excerpt":{"rendered":"<p>Eine Solaranlage ist eine innovative Technik und zeigt die Bedeutung der Umwelt f\u00fcr den Anlagenbetreiber. Durch eine geschickte Installation k\u00f6nnen die gestalterischen Vorteile einer Anlage zum Vorschein gebracht werden und stellen einen interessanten Blickfang f\u00fcr Besucher dar. Ich finde, dass eine Stadt wie Rudolstadt, die Bem\u00fchungen seiner Einwohner einen Betrag zur Klimaverbesserung darstellen sollte. Aus &hellip; <\/p>\n<p class=\"link-more\"><a href=\"http:\/\/solar-initiative-rudolstadt.de\/?page_id=10\" class=\"more-link\"><span class=\"screen-reader-text\">\u201eErfasste Anlagen\u201c<\/span> weiterlesen<\/a><\/p>\n","protected":false},"author":1,"featured_media":0,"parent":0,"menu_order":60,"comment_status":"closed","ping_status":"closed","template":"","meta":{"ngg_post_thumbnail":0,"footnotes":""},"class_list":["post-10","page","type-page","status-publish","hentry"],"jetpack_shortlink":"https:\/\/wp.me\/Pgcb0b-a","jetpack_sharing_enabled":true,"_links":{"self":[{"href":"http:\/\/solar-initiative-rudolstadt.de\/index.php?rest_route=\/wp\/v2\/pages\/10","targetHints":{"allow":["GET"]}}],"collection":[{"href":"http:\/\/solar-initiative-rudolstadt.de\/index.php?rest_route=\/wp\/v2\/pages"}],"about":[{"href":"http:\/\/solar-initiative-rudolstadt.de\/index.php?rest_route=\/wp\/v2\/types\/page"}],"author":[{"embeddable":true,"href":"http:\/\/solar-initiative-rudolstadt.de\/index.php?rest_route=\/wp\/v2\/users\/1"}],"replies":[{"embeddable":true,"href":"http:\/\/solar-initiative-rudolstadt.de\/index.php?rest_route=%2Fwp%2Fv2%2Fcomments&post=10"}],"version-history":[{"count":0,"href":"http:\/\/solar-initiative-rudolstadt.de\/index.php?rest_route=\/wp\/v2\/pages\/10\/revisions"}],"wp:attachment":[{"href":"http:\/\/solar-initiative-rudolstadt.de\/index.php?rest_route=%2Fwp%2Fv2%2Fmedia&parent=10"}],"curies":[{"name":"wp","href":"https:\/\/api.w.org\/{rel}","templated":true}]}}