{"id":154,"date":"2007-10-03T16:41:20","date_gmt":"2007-10-03T14:41:20","guid":{"rendered":"http:\/\/solar-initiative-rudolstadt.de\/?page_id=154"},"modified":"2010-09-20T21:41:02","modified_gmt":"2010-09-20T20:41:02","slug":"karte","status":"publish","type":"page","link":"http:\/\/solar-initiative-rudolstadt.de\/?page_id=154","title":{"rendered":"Karte"},"content":{"rendered":"<p>Wir werden Schritt f\u00fcr Schritt die erfassten Solaranlagen in der Karte eintragen und deren Eckdaten erg\u00e4nzen. \u00dcber das Steuerkreuz kann der Fokus gesteuert werden. Die Anlagen sind \u00fcber eine blaue oder gr\u00fcne Ortsmarke gekennzeichnet.<\/p>\n<p>Eine gr\u00f6ssere Kartenansicht kann \u00fcber den <a href=\"http:\/\/maps.google.de\/maps\/ms?oe=UTF-8&amp;hl=de&amp;ie=UTF8&amp;t=k&amp;om=1&amp;msa=0&amp;msid=110427467558058545838.000438de515bbb13a062b&amp;ll=50.707221,11.330509&amp;spn=0.054355,0.077248&amp;z=13&amp;source=embed\">Link<\/a> aufgerufen werden. Da die Liste der Anlagen gr\u00f6sser wird, m\u00fcsst ihr zoomen um alle Anlagen zusehen.<\/p>\n<p><iframe loading=\"lazy\" width=\"640\" height=\"480\" frameborder=\"0\" scrolling=\"no\" marginheight=\"0\" marginwidth=\"0\" src=\"http:\/\/maps.google.de\/maps\/ms?ie=UTF8&amp;hl=de&amp;t=h&amp;msa=0&amp;msid=110427467558058545838.000438de515bbb13a062b&amp;ll=50.706134,11.331196&amp;spn=0.052182,0.109863&amp;z=13&amp;output=embed\"><\/iframe><br \/><small><a href=\"http:\/\/maps.google.de\/maps\/ms?ie=UTF8&amp;hl=de&amp;t=h&amp;msa=0&amp;msid=110427467558058545838.000438de515bbb13a062b&amp;ll=50.706134,11.331196&amp;spn=0.052182,0.109863&amp;z=13&amp;source=embed\" style=\"color:#0000FF;text-align:left\">Solaranlagen in Rudolstadt<\/a> auf einer gr\u00f6\u00dferen Karte anzeigen<\/small><\/p>\n","protected":false},"excerpt":{"rendered":"<p>Wir werden Schritt f\u00fcr Schritt die erfassten Solaranlagen in der Karte eintragen und deren Eckdaten erg\u00e4nzen. \u00dcber das Steuerkreuz kann der Fokus gesteuert werden. Die Anlagen sind \u00fcber eine blaue oder gr\u00fcne Ortsmarke gekennzeichnet. Eine gr\u00f6ssere Kartenansicht kann \u00fcber den Link aufgerufen werden. Da die Liste der Anlagen gr\u00f6sser wird, m\u00fcsst ihr zoomen um alle &hellip; <\/p>\n<p class=\"link-more\"><a href=\"http:\/\/solar-initiative-rudolstadt.de\/?page_id=154\" class=\"more-link\"><span class=\"screen-reader-text\">\u201eKarte\u201c<\/span> weiterlesen<\/a><\/p>\n","protected":false},"author":1,"featured_media":0,"parent":0,"menu_order":70,"comment_status":"closed","ping_status":"open","template":"","meta":{"ngg_post_thumbnail":0,"footnotes":""},"class_list":["post-154","page","type-page","status-publish","hentry"],"jetpack_shortlink":"https:\/\/wp.me\/Pgcb0b-2u","jetpack_sharing_enabled":true,"_links":{"self":[{"href":"http:\/\/solar-initiative-rudolstadt.de\/index.php?rest_route=\/wp\/v2\/pages\/154","targetHints":{"allow":["GET"]}}],"collection":[{"href":"http:\/\/solar-initiative-rudolstadt.de\/index.php?rest_route=\/wp\/v2\/pages"}],"about":[{"href":"http:\/\/solar-initiative-rudolstadt.de\/index.php?rest_route=\/wp\/v2\/types\/page"}],"author":[{"embeddable":true,"href":"http:\/\/solar-initiative-rudolstadt.de\/index.php?rest_route=\/wp\/v2\/users\/1"}],"replies":[{"embeddable":true,"href":"http:\/\/solar-initiative-rudolstadt.de\/index.php?rest_route=%2Fwp%2Fv2%2Fcomments&post=154"}],"version-history":[{"count":0,"href":"http:\/\/solar-initiative-rudolstadt.de\/index.php?rest_route=\/wp\/v2\/pages\/154\/revisions"}],"wp:attachment":[{"href":"http:\/\/solar-initiative-rudolstadt.de\/index.php?rest_route=%2Fwp%2Fv2%2Fmedia&parent=154"}],"curies":[{"name":"wp","href":"https:\/\/api.w.org\/{rel}","templated":true}]}}