{"id":167,"date":"2008-02-03T15:09:22","date_gmt":"2008-02-03T14:09:22","guid":{"rendered":"http:\/\/solar-initiative-rudolstadt.de\/?page_id=167"},"modified":"2010-09-19T17:39:28","modified_gmt":"2010-09-19T16:39:28","slug":"solarkataster","status":"publish","type":"page","link":"http:\/\/solar-initiative-rudolstadt.de\/?page_id=167","title":{"rendered":"Solarkataster"},"content":{"rendered":"<p align=\"justify\"><strong>Warum ein Solarkataster f\u00fcr Rudolstadt ?<br \/><\/strong><br \/>\nMit dem Solarkataster wurden alle Dach- und Freifl\u00e4chen im Stadtgebiet Rudolstadt erfasst und nach deren Eignung f\u00fcr die Errichtung einer Photovoltaikanlage gepr\u00fcft. Wir m\u00f6chten mit dem Kataster verdeutlichen, welches Potential die Photovoltaik (und auch die Solarthermie) in Rudolstadt besitzt.<\/p>\n<p>Ergebnisse:<\/p>\n<ul>\n<li>Im ersten Durchlauf wurden 400 Fl\u00e4chen ermittelt bei dem eine sehr gute und gute Solareignung vorliegt.<\/li>\n<li>Gesamtfl\u00e4che betr\u00e4gt 252.800 m\u00b2<\/li>\n<li>Installierbare Leistung von 16.000 KWpeak<\/li>\n<li>M\u00f6glicher Energieertrag von 15.332 MW<\/li>\n<li>Es k\u00f6nnten ca. 15.300 Menschen, ca. 60% der Einwohner Rudolstadts, mit Strom versorgt werden<\/li>\n<li>C02-Ersparnis 7.880 Tonnen<\/li>\n<\/ul>\n<p align=\"justify\">Die Investitionssumme f\u00fcr die Realisierung aller Anlagen w\u00fcrde bei gesch\u00e4tzten 82 Mio \u20ac liegen.<\/p>\n<p align=\"justify\">Das nachfolgende Bild zeigt einen Kartenausschnitt des Solarkatasters. \u00dcber den Link &#8220;<a title=\"Solarkataster vollst\u00e4ndig anzeigen\" href=\"http:\/\/maps.google.com\/maps\/ms?ie=UTF8&amp;om=0&amp;msa=0&amp;msid=110427467558058545838.000444f0b2247ea7ada4a&amp;ll=50.706023,11.334251&amp;spn=0.076099,0.145912&amp;z=12&amp;source=embed\" target=\"_blank\">Gr\u00f6ssere Kartenausschnitt<\/a>&#8221; ist das vollst\u00e4ndige Solarkataster erreichbar.<\/p>\n<p><iframe loading=\"lazy\" marginwidth=\"0\" marginheight=\"0\" src=\"http:\/\/maps.google.com\/maps\/ms?ie=UTF8&amp;om=0&amp;s=AARTsJob9qRUjs6vyJVHlch2NDwOHQI4xw&amp;msa=0&amp;msid=110427467558058545838.000444f0b2247ea7ada4a&amp;ll=50.706023,11.334251&amp;spn=0.076099,0.145912&amp;z=12&amp;output=embed\" frameborder=\"0\" width=\"425\" scrolling=\"no\" height=\"350\"><\/iframe><br \/>\n<small><a style=\"COLOR: #0000ff; TEXT-ALIGN: left\" href=\"http:\/\/maps.google.com\/maps\/ms?ie=UTF8&amp;om=0&amp;msa=0&amp;msid=110427467558058545838.000444f0b2247ea7ada4a&amp;ll=50.706023,11.334251&amp;spn=0.076099,0.145912&amp;z=12&amp;source=embed\">Gr\u00f6\u00dfere Kartenansicht<\/a><\/small> <\/p>\n<p align=\"justify\"><strong>Wie kann ich eine Anlage anzeigen ?<\/strong><\/p>\n<p align=\"justify\">Im linkten Teil der Seite sind die Einzelfl\u00e4chen aufgelistet. Durch einen Doppelklick auf den Namen wird die Fl\u00e4che in der Karte (rechter Teil) angezeigt und farblich hervorgehoben. Durch einen weiteren Doppelklick auf die farblich markierte Dachfl\u00e4che kann der Kartenausschnitt vergr\u00f6\u00dfert werden. Dies kann so lange wiederholt werden, bis die Dachfl\u00e4che deutlich sichtbar ist. Mit den Option \/ Karte\/ Satellit\/ Gel\u00e4nde kann die Darstellung der Karte angepasst werden.<br \/>\nDurch Auswahl der Option Satellit wird die Karte als Satellitenfoto dargestellt.<\/p>\n<p align=\"justify\"><strong>Welche Berechnungsgrundlage wurde benutzt ?<\/strong><\/p>\n<ul>\n<li>\n<div align=\"justify\">8 m\u00b2 Modulfl\u00e4che entsprechen 1 kWp (Kilowattpeak) Nennleistung einer Photovoltaikanlage. Bei der Berechnung wurde von einem Modulwirkungsgrad von 13% ausgegangen, wie ihn gute mono- und polykristalline Siliziumzellen heute erreichen.<\/div>\n<\/li>\n<li>\n<div align=\"justify\">\n<div align=\"justify\">1 kWp Nennleistung erzeugt in Rudolstadt pro Jahr 930 kWh (Kilowattstunden) Strom. Der Ertrag ist abh\u00e4ngig von Neigung und Ausrichtung des Moduls. Die h\u00f6chsten Ertr\u00e4ge werden bei genauer S\u00fcdausrichtung und 35 Grad Dachneigung erzielt. Es wurden nur Dachfl\u00e4chen mit S\u00fcd, S\u00fcd-Ost bzw. S\u00fcd-West-Ausrichtung ber\u00fccksichtigt. Bei Freifl\u00e4chen bzw. Flachd\u00e4chern w\u00fcrde eine S\u00fcd-Ausrichtung der Module angenommen, ebenso der optimale Neigungswinkel.<\/div>\n<\/div>\n<\/li>\n<li>\n<div align=\"justify\">\n<div align=\"justify\">\n<div align=\"justify\">Jede derzeit erzeugte Kilowattstunde Strom aus Sonnenenergie verringert die CO2-Emissionen um 514 g. Laut Stromkennzeichnung nach \u00c2\u00c2\u00a7 42 Energiewirtschaftsgesetz werden in Deutschland etwa 514 g\/CO2 f\u00fcr die Erzeugung einer Kilowattstunde Strom freigesetzt.<\/div>\n<\/div>\n<\/div>\n<\/li>\n<li>\n<div align=\"justify\">\n<div align=\"justify\">\n<div align=\"justify\">\n<div align=\"justify\">1 kWp Nennleistung kostet ca. 3800 bis 5000 \u20ac. Hierbei handelt es sich um durchschnittliche Nettopreise mit kompletter Installation. Hinzu kommen evtl. Netzanschlusskosten, Planungskosten, Kosten f\u00fcr die Statikpr\u00fcfung. Grunds\u00e4tzlich sinken die Preise je gr\u00f6\u00dfer die Anlagen sind.<\/div>\n<\/div>\n<\/div>\n<\/div>\n<\/li>\n<\/ul>\n<div align=\"justify\">\n<div align=\"justify\">\n<div align=\"justify\">Das Solarkataster wurde innerhalb eines Sch\u00fclerpraktikums im Solarb\u00fcro Reinhardt erstellt. Wir versuchen nat\u00fcrlich das Kataster weiterzuf\u00fchren und zu vervollst\u00e4ndigen. Sollten Sie einen guten Platz f\u00fcr eine Anlage kennen, so k\u00f6nnen Sie diesen gern bei uns melden (<a title=\"Senden Sie uns eine Email\" href=\"mailto:info@solar-initiative-rudolstadt.de\">Email<\/a>).<\/div>\n<\/div>\n<\/div>\n","protected":false},"excerpt":{"rendered":"<p>Warum ein Solarkataster f\u00fcr Rudolstadt ? Mit dem Solarkataster wurden alle Dach- und Freifl\u00e4chen im Stadtgebiet Rudolstadt erfasst und nach deren Eignung f\u00fcr die Errichtung einer Photovoltaikanlage gepr\u00fcft. Wir m\u00f6chten mit dem Kataster verdeutlichen, welches Potential die Photovoltaik (und auch die Solarthermie) in Rudolstadt besitzt. Ergebnisse: Im ersten Durchlauf wurden 400 Fl\u00e4chen ermittelt bei dem &hellip; <\/p>\n<p class=\"link-more\"><a href=\"http:\/\/solar-initiative-rudolstadt.de\/?page_id=167\" class=\"more-link\"><span class=\"screen-reader-text\">\u201eSolarkataster\u201c<\/span> weiterlesen<\/a><\/p>\n","protected":false},"author":1,"featured_media":0,"parent":0,"menu_order":80,"comment_status":"closed","ping_status":"closed","template":"","meta":{"ngg_post_thumbnail":0,"footnotes":""},"class_list":["post-167","page","type-page","status-publish","hentry"],"jetpack_shortlink":"https:\/\/wp.me\/Pgcb0b-2H","jetpack_sharing_enabled":true,"_links":{"self":[{"href":"http:\/\/solar-initiative-rudolstadt.de\/index.php?rest_route=\/wp\/v2\/pages\/167","targetHints":{"allow":["GET"]}}],"collection":[{"href":"http:\/\/solar-initiative-rudolstadt.de\/index.php?rest_route=\/wp\/v2\/pages"}],"about":[{"href":"http:\/\/solar-initiative-rudolstadt.de\/index.php?rest_route=\/wp\/v2\/types\/page"}],"author":[{"embeddable":true,"href":"http:\/\/solar-initiative-rudolstadt.de\/index.php?rest_route=\/wp\/v2\/users\/1"}],"replies":[{"embeddable":true,"href":"http:\/\/solar-initiative-rudolstadt.de\/index.php?rest_route=%2Fwp%2Fv2%2Fcomments&post=167"}],"version-history":[{"count":0,"href":"http:\/\/solar-initiative-rudolstadt.de\/index.php?rest_route=\/wp\/v2\/pages\/167\/revisions"}],"wp:attachment":[{"href":"http:\/\/solar-initiative-rudolstadt.de\/index.php?rest_route=%2Fwp%2Fv2%2Fmedia&parent=167"}],"curies":[{"name":"wp","href":"https:\/\/api.w.org\/{rel}","templated":true}]}}