{"id":23,"date":"2007-08-09T08:21:01","date_gmt":"2007-08-09T06:21:01","guid":{"rendered":"http:\/\/solar-initiative-rudolstadt.de\/?page_id=23"},"modified":"2010-09-19T17:42:47","modified_gmt":"2010-09-19T16:42:47","slug":"solar-bundesliga","status":"publish","type":"page","link":"http:\/\/solar-initiative-rudolstadt.de\/?page_id=23","title":{"rendered":"Solar Bundesliga"},"content":{"rendered":"<h2>Auf deutschen D\u00e4chern geht es sportlich zu<\/h2>\n<p align=\"justify\">Solarsport erobert das Land! Bereits 1280 Kommunen spielen mit, stellen sich dem sportlichen Wettstreit auf deutschen D\u00e4chern. An die Spitze kommt, wer m\u00f6glichst viel Solarstrom und Solarw\u00e4rme installiert. Da gibt es eigentlich nur eine M\u00f6glichkeit: Mitspielen!<\/p>\n<p align=\"justify\">Das machen hier bereits\u00a029.911.670\u00a0Menschen mit insgesamt\u00a0821.065\u00a0kW Solarstrom und\u00a01.076.536\u00a0qm Solarw\u00e4rme. Unterst\u00fctzt werden sie dabei von ihren tollen Fans! Meldeschluss f\u00fcr die Saison 2008\/2009 ist der 1. Juni 2009.<\/p>\n<p>Quelle: <a href=\"http:\/\/www.solarbundesliga.de\/\">www.solarbundesliga.de<\/a><\/p>\n<p align=\"justify\">Aus Th\u00fcringen nehmen gegenw\u00e4rtig folgende St\u00e4dte teil. Ich denke, dass wir es schaffen mit den bestehenden Anlagen den einen oder anderen Ort zu \u00fcberholen. Wir sollten nicht nur auf den R\u00fcckgang der Einwohnerzahlen setzen, sondern zeigen, dass sich die Rudolst\u00e4dter in der Nutzung der Solarthermie und Photovoltaik engagieren.<\/p>\n<table border=\"1\" cellspacing=\"0\" cellpadding=\"0\" align=\"left\">\n<tbody>\n<tr>\n<td style=\"text-align: center; \" width=\"88\" valign=\"top\">Landeswertung\/ Bundeswertung<\/td>\n<td style=\"text-align: center; \" width=\"88\" valign=\"top\">Punkte<\/td>\n<td style=\"text-align: center; \" width=\"94\" valign=\"top\">Ort<\/td>\n<td style=\"text-align: center; \" width=\"88\" valign=\"top\">Einwohner\u00a0\u00a0\u00a0<\/p>\n<p>\u00a0<\/td>\n<td style=\"text-align: center; \" width=\"88\" valign=\"top\">W\u00e4rme *<\/td>\n<td style=\"text-align: center; \" width=\"88\" valign=\"top\">Strom**<\/td>\n<\/tr>\n<tr>\n<td width=\"88\" valign=\"top\">1 \/ 36<\/td>\n<td width=\"88\" valign=\"top\">314<\/td>\n<td width=\"94\" valign=\"top\">Bransdorf<\/td>\n<td width=\"88\" valign=\"top\">243 \u00a0<\/td>\n<td width=\"88\" valign=\"top\">1,576<\/td>\n<td width=\"88\" valign=\"top\">80,2<\/td>\n<\/tr>\n<tr>\n<td width=\"88\" valign=\"top\">2 \/ 93<\/td>\n<td width=\"88\" valign=\"top\">188<\/td>\n<td width=\"94\" valign=\"top\">G\u00f6pfersdorf<\/td>\n<td width=\"88\" valign=\"top\">4.128<\/td>\n<td width=\"88\" valign=\"top\">0,292<\/td>\n<td width=\"88\" valign=\"top\">206,9<\/td>\n<\/tr>\n<tr>\n<td>3 \/ 121<\/td>\n<td>163<\/td>\n<td>Rohrberg<\/td>\n<td>255<\/td>\n<td>0,173<\/td>\n<td>222<\/td>\n<\/tr>\n<tr>\n<td>4 \/ 262<\/td>\n<td>95<\/td>\n<td>Schmieritz<\/td>\n<td>420<\/td>\n<td>0,233<\/td>\n<td>73,1<\/td>\n<\/tr>\n<tr>\n<td>5 \/ 533<\/td>\n<td>42<\/td>\n<td>Schachtebich<\/td>\n<td>254<\/td>\n<td>0,047<\/td>\n<td>55,9<\/td>\n<\/tr>\n<tr>\n<td>6 \/ 540<\/td>\n<td>42<\/td>\n<td>P\u00f6\u00dfneck<\/td>\n<td>13.067<\/td>\n<td>0,129<\/td>\n<td>24,5<\/td>\n<\/tr>\n<tr>\n<td>7 \/ 692<\/td>\n<td>25<\/td>\n<td>Burgwalde<\/td>\n<td>263<\/td>\n<td>0,061<\/td>\n<td>19<\/td>\n<\/tr>\n<tr>\n<td>8 \/ 820<\/td>\n<td>16<\/td>\n<td>Ilmtal<\/td>\n<td>351<\/td>\n<td>0,015<\/td>\n<td>23,2<\/td>\n<\/tr>\n<tr>\n<td>9 \/ 940<\/td>\n<td>10<\/td>\n<td>Weimar<\/td>\n<td>64.386<\/td>\n<td>0,008<\/td>\n<td>15,9<\/td>\n<\/tr>\n<tr>\n<td>10 \/ 1023<\/td>\n<td>7<\/td>\n<td>Meiningen<\/td>\n<td>20.295<\/td>\n<td>0,008<\/td>\n<td>9,5<\/td>\n<\/tr>\n<tr>\n<td>11 \/ 1028<\/td>\n<td>7<\/td>\n<td>Mengersgereuth-H\u00e4mmern<\/td>\n<td>2.987<\/td>\n<td>0,013<\/td>\n<td>6,7<\/td>\n<\/tr>\n<tr>\n<td width=\"88\" valign=\"top\"><strong><span style=\"color: #ff0000;\">12 \/ 1035<\/span><\/strong><\/td>\n<td width=\"88\" valign=\"top\"><strong><span style=\"color: #ff0000;\">7<\/span><\/strong><\/td>\n<td width=\"94\" valign=\"top\"><strong><span style=\"color: #ff0000;\">Rudolstadt<\/span><\/strong><\/td>\n<td width=\"88\" valign=\"top\"><strong><span style=\"color: #ff0000;\">25.313<\/span><\/strong><\/td>\n<td width=\"88\" valign=\"top\"><strong><span style=\"color: #ff0000;\">0,014<\/span><\/strong><\/td>\n<td style=\"text-align: left; \" width=\"88\" valign=\"top\"><strong><span style=\"color: #ff0000;\">6,0<\/span><\/strong><\/td>\n<\/tr>\n<tr>\n<td>13 \/ 1129<\/td>\n<td>4<\/td>\n<td>Freienhagen<\/td>\n<td>326<\/td>\n<td>0,037<\/td>\n<td>0<\/td>\n<\/tr>\n<tr>\n<td>14 \/ 1238<\/td>\n<td>1<\/td>\n<td>Jena<\/td>\n<td>102.500<\/td>\n<td>0<\/td>\n<td>1,7<\/td>\n<\/tr>\n<tr>\n<td>15 \/ 1242<\/td>\n<td>1<\/td>\n<td>Effelder-Rauenstein<\/td>\n<td>4.128<\/td>\n<td>0,005<\/td>\n<td>0<\/td>\n<\/tr>\n<\/tbody>\n<\/table>\n<p>\u00a0<\/p>\n<p><span style=\"color: #999999;\">*  Solarthermie in qm\/Einwohner<\/span><\/p>\n<p><span style=\"color: #999999;\">** Photovoltaik in Watt\/Einwohner (Stand 24.12.2008)<\/span><\/p>\n","protected":false},"excerpt":{"rendered":"<p>Auf deutschen D\u00e4chern geht es sportlich zu Solarsport erobert das Land! Bereits 1280 Kommunen spielen mit, stellen sich dem sportlichen Wettstreit auf deutschen D\u00e4chern. An die Spitze kommt, wer m\u00f6glichst viel Solarstrom und Solarw\u00e4rme installiert. Da gibt es eigentlich nur eine M\u00f6glichkeit: Mitspielen! Das machen hier bereits\u00a029.911.670\u00a0Menschen mit insgesamt\u00a0821.065\u00a0kW Solarstrom und\u00a01.076.536\u00a0qm Solarw\u00e4rme. Unterst\u00fctzt werden sie &hellip; <\/p>\n<p class=\"link-more\"><a href=\"http:\/\/solar-initiative-rudolstadt.de\/?page_id=23\" class=\"more-link\"><span class=\"screen-reader-text\">\u201eSolar Bundesliga\u201c<\/span> weiterlesen<\/a><\/p>\n","protected":false},"author":1,"featured_media":0,"parent":0,"menu_order":50,"comment_status":"closed","ping_status":"open","template":"","meta":{"ngg_post_thumbnail":0,"footnotes":""},"class_list":["post-23","page","type-page","status-publish","hentry"],"jetpack_shortlink":"https:\/\/wp.me\/Pgcb0b-n","jetpack_sharing_enabled":true,"_links":{"self":[{"href":"http:\/\/solar-initiative-rudolstadt.de\/index.php?rest_route=\/wp\/v2\/pages\/23","targetHints":{"allow":["GET"]}}],"collection":[{"href":"http:\/\/solar-initiative-rudolstadt.de\/index.php?rest_route=\/wp\/v2\/pages"}],"about":[{"href":"http:\/\/solar-initiative-rudolstadt.de\/index.php?rest_route=\/wp\/v2\/types\/page"}],"author":[{"embeddable":true,"href":"http:\/\/solar-initiative-rudolstadt.de\/index.php?rest_route=\/wp\/v2\/users\/1"}],"replies":[{"embeddable":true,"href":"http:\/\/solar-initiative-rudolstadt.de\/index.php?rest_route=%2Fwp%2Fv2%2Fcomments&post=23"}],"version-history":[{"count":0,"href":"http:\/\/solar-initiative-rudolstadt.de\/index.php?rest_route=\/wp\/v2\/pages\/23\/revisions"}],"wp:attachment":[{"href":"http:\/\/solar-initiative-rudolstadt.de\/index.php?rest_route=%2Fwp%2Fv2%2Fmedia&parent=23"}],"curies":[{"name":"wp","href":"https:\/\/api.w.org\/{rel}","templated":true}]}}