{"id":4,"date":"2007-03-27T13:50:33","date_gmt":"2007-03-27T11:50:33","guid":{"rendered":"http:\/\/solar-initiative-rudolstadt.de\/?page_id=4"},"modified":"2010-09-15T01:18:17","modified_gmt":"2010-09-15T00:18:17","slug":"uber-uns","status":"publish","type":"page","link":"http:\/\/solar-initiative-rudolstadt.de\/?page_id=4","title":{"rendered":"\u00dcber uns"},"content":{"rendered":"<p>Begonnen hat es damit, dass wir gemeinsam 2002 eine Solaranlage f\u00fcr die Brauchwassererw\u00e4rmung installiert haben. Deren Betrieb hat sich als sehr einfach und effizient erwiesen, so dass wir die Entwicklung dieser Technologie weiter verfolgt haben. Die Anlage haben wir dann bei der Solarbundesliga angemeldet und waren lange Zeit der einzige Vertreter aus Rudolstadt.Seit 2001 veranstaltet die Deutsche Umwelthilfe und der Verlag Br\u00f6er &amp; Witt GbR (Solarthemen) die <span style=\"color: #000000;\"><a title=\"Die Solarbundesliga\" href=\"http:\/\/www.solarbundesliga.de\" target=\"_blank\">Solarbundesliga<\/a>.<\/span> Diese hat das Ziel die Solaraktivit\u00e4ten in den Kommunen und Gemeinden darzustellen. Das Prinzip ist ganz einfach! Jeder Solaranlagenbetreiber meldet die Kennzahlen seiner Anlage auf <span style=\"color: #000000;\"><a title=\"Die Solarbundesliga\" href=\"http:\/\/www.solarbundesliga.de\" target=\"_blank\">www.solarbundesliga.de<\/a><\/span> an und j\u00e4hrlich wird der Meister ermittelt.<\/p>\n<p>Seit Start der Initiative k\u00f6nnte die Punktezahl von Rudolstadt von 0 auf 7 Punkte  gesteigert werden.  Das bedeutet Platz 12 in Th\u00fcringen und Platz 1035 in der Solarbundesliga \u00a0(Stand 01-2009). Wenn man aber so durch die Stadt geht sieht man eine Reihe von Anlagen, die eigentlich gemeldet werden sollten. Motiviert von diesen Gedanken haben wir diese Initiative gestartet. Unsere Ziele sind:<\/p>\n<ul type=\"disc\">\n<li>Die bestehenden Solaranlagen (Photovoltaik und      Solarthermie) in Rudolstadt zu erfassen, um damit die Punktezahl von Rudolstadt      in der Solarbundesliga verbessern.<\/li>\n<li>Informationen zur Solarthermie und Photovoltaik      bereitstellen, aber auch \u00fcber weitere Energietr\u00e4ger wie Wasserkraft und      Biomasse.<\/li>\n<li>Sammeln und Bereitstellen von Erfahrungsberichten      der Anlagenbetreiber um das Interesse bei weiteren Interessenten zu wecken.<\/li>\n<li>Durchf\u00fchrung regelm\u00e4ssiger Informationsveranstaltungen &#8220;Solartreff&#8221; mit Unterst\u00fctzung des Solarb\u00fcros Reinhardt<\/li>\n<li>Bau und Betrieb einer B\u00fcrgersolaranlage<\/li>\n<\/ul>\n<p>Wir werden regelm\u00e4\u00dfig \u00fcber die Entwicklung berichten und sind f\u00fcr Feedback und Anregungen dankbar.<\/p>\n<p>Die Solar Initiative Rudolstadt  &#8211; <a href=\"mailto:info@solar-initiative-rudolstadt.de\">Email<\/a><\/p>\n<p><a href=\"http:\/\/www.top50-solar.de\/solarcount\/main.php?id=2466&amp;js=0\" target=\"_blank\"><img decoding=\"async\" src=\"http:\/\/www.top50-solar.de\/solarcount\/img.php?id=2466&amp;js=0\" border=\"0\" alt=\"Top50-Solar\" \/><\/a> <!--END Top50-Solar CODE--><\/p>\n","protected":false},"excerpt":{"rendered":"<p>Begonnen hat es damit, dass wir gemeinsam 2002 eine Solaranlage f\u00fcr die Brauchwassererw\u00e4rmung installiert haben. Deren Betrieb hat sich als sehr einfach und effizient erwiesen, so dass wir die Entwicklung dieser Technologie weiter verfolgt haben. Die Anlage haben wir dann bei der Solarbundesliga angemeldet und waren lange Zeit der einzige Vertreter aus Rudolstadt.Seit 2001 veranstaltet &hellip; <\/p>\n<p class=\"link-more\"><a href=\"http:\/\/solar-initiative-rudolstadt.de\/?page_id=4\" class=\"more-link\"><span class=\"screen-reader-text\">\u201e\u00dcber uns\u201c<\/span> weiterlesen<\/a><\/p>\n","protected":false},"author":1,"featured_media":0,"parent":0,"menu_order":0,"comment_status":"closed","ping_status":"open","template":"","meta":{"ngg_post_thumbnail":0,"footnotes":""},"class_list":["post-4","page","type-page","status-publish","hentry"],"jetpack_shortlink":"https:\/\/wp.me\/Pgcb0b-4","jetpack_sharing_enabled":true,"_links":{"self":[{"href":"http:\/\/solar-initiative-rudolstadt.de\/index.php?rest_route=\/wp\/v2\/pages\/4","targetHints":{"allow":["GET"]}}],"collection":[{"href":"http:\/\/solar-initiative-rudolstadt.de\/index.php?rest_route=\/wp\/v2\/pages"}],"about":[{"href":"http:\/\/solar-initiative-rudolstadt.de\/index.php?rest_route=\/wp\/v2\/types\/page"}],"author":[{"embeddable":true,"href":"http:\/\/solar-initiative-rudolstadt.de\/index.php?rest_route=\/wp\/v2\/users\/1"}],"replies":[{"embeddable":true,"href":"http:\/\/solar-initiative-rudolstadt.de\/index.php?rest_route=%2Fwp%2Fv2%2Fcomments&post=4"}],"version-history":[{"count":0,"href":"http:\/\/solar-initiative-rudolstadt.de\/index.php?rest_route=\/wp\/v2\/pages\/4\/revisions"}],"wp:attachment":[{"href":"http:\/\/solar-initiative-rudolstadt.de\/index.php?rest_route=%2Fwp%2Fv2%2Fmedia&parent=4"}],"curies":[{"name":"wp","href":"https:\/\/api.w.org\/{rel}","templated":true}]}}