{"id":439,"date":"2010-08-29T17:39:26","date_gmt":"2010-08-29T16:39:26","guid":{"rendered":"http:\/\/solar-initiative-rudolstadt.de\/?page_id=439"},"modified":"2010-09-19T17:39:45","modified_gmt":"2010-09-19T16:39:45","slug":"burgersolar","status":"publish","type":"page","link":"http:\/\/solar-initiative-rudolstadt.de\/?page_id=439","title":{"rendered":"B\u00fcrgersolar"},"content":{"rendered":"<p style=\"text-align: justify;\">Die Idee einer B\u00fcrgersolaranlage hatten \u00a0wir (Johannes Rheinhardt, Andreas M\u00f6ller und Erik Bachmann) schon l\u00e4nger. Es wurden verschiedene Standorte und technische Konzepte durchgespielt.\u00a0Mit der Ank\u00fcndigung die Einspeiseverg\u00fctung am 01.07.2010 zu senken, viel f\u00fcr uns der Startschuss. Die Idee ist ausgereift und wir wollten den Versuch wagen. Mal sehen, ob wir noch Andere begeistern k\u00f6nnen.<\/p>\n<p style=\"text-align: justify;\">Am 14.3.2010 fand die Infoveranstaltung \u00fcber die Idee einer B\u00fcrgersolaranlage in Kirchhasel statt. Die Ziele waren das Konzept \u00fcberzeugend vorzubringen und \u00a0die notwendige Investitionssumme von 220.000\u20ac zusammen zu bekommen. Die Zeitplanung ist eng, eine verbindliche Zusage bis Ende M\u00e4rz, die \u00dcberweisung bis 20. April, das Anlagenkonzept abrunden, Vertr\u00e4ge mit den Handwerkern abschlie\u00dfen \u00a0und die Pachtverhandlungen mit der Agrargenossenschaft.<\/p>\n<p style=\"text-align: justify;\">Bisher ging es super schnell. Die 11 Gesellschafter haben die GbR am 7. April 2010 gegr\u00fcndet und am 28. Mai 2010 ging die B\u00fcrgersolaranlage ans Netz.<\/p>\n<p style=\"text-align: justify;\">Die aktuellen Ertr\u00e4ge der B\u00fcrgersolaranlage k\u00f6nnt ihr hier<a title=\"Anlagen\u00fcberwachung\" href=\"http:\/\/www.rudolstadt-web.de\/bs1solarlog\/\"> abrufen<\/a>. \u00a0Aktuell sind wir auf der Suche nach weiteren D\u00e4chern und Interessenten, die sich beteiligen wollen.<\/p>\n","protected":false},"excerpt":{"rendered":"<p>Die Idee einer B\u00fcrgersolaranlage hatten \u00a0wir (Johannes Rheinhardt, Andreas M\u00f6ller und Erik Bachmann) schon l\u00e4nger. Es wurden verschiedene Standorte und technische Konzepte durchgespielt.\u00a0Mit der Ank\u00fcndigung die Einspeiseverg\u00fctung am 01.07.2010 zu senken, viel f\u00fcr uns der Startschuss. Die Idee ist ausgereift und wir wollten den Versuch wagen. Mal sehen, ob wir noch Andere begeistern k\u00f6nnen. Am &hellip; <\/p>\n<p class=\"link-more\"><a href=\"http:\/\/solar-initiative-rudolstadt.de\/?page_id=439\" class=\"more-link\"><span class=\"screen-reader-text\">\u201eB\u00fcrgersolar\u201c<\/span> weiterlesen<\/a><\/p>\n","protected":false},"author":1,"featured_media":0,"parent":0,"menu_order":10,"comment_status":"closed","ping_status":"open","template":"","meta":{"ngg_post_thumbnail":0,"footnotes":""},"class_list":["post-439","page","type-page","status-publish","hentry"],"jetpack_shortlink":"https:\/\/wp.me\/Pgcb0b-75","jetpack_sharing_enabled":true,"_links":{"self":[{"href":"http:\/\/solar-initiative-rudolstadt.de\/index.php?rest_route=\/wp\/v2\/pages\/439","targetHints":{"allow":["GET"]}}],"collection":[{"href":"http:\/\/solar-initiative-rudolstadt.de\/index.php?rest_route=\/wp\/v2\/pages"}],"about":[{"href":"http:\/\/solar-initiative-rudolstadt.de\/index.php?rest_route=\/wp\/v2\/types\/page"}],"author":[{"embeddable":true,"href":"http:\/\/solar-initiative-rudolstadt.de\/index.php?rest_route=\/wp\/v2\/users\/1"}],"replies":[{"embeddable":true,"href":"http:\/\/solar-initiative-rudolstadt.de\/index.php?rest_route=%2Fwp%2Fv2%2Fcomments&post=439"}],"version-history":[{"count":0,"href":"http:\/\/solar-initiative-rudolstadt.de\/index.php?rest_route=\/wp\/v2\/pages\/439\/revisions"}],"wp:attachment":[{"href":"http:\/\/solar-initiative-rudolstadt.de\/index.php?rest_route=%2Fwp%2Fv2%2Fmedia&parent=439"}],"curies":[{"name":"wp","href":"https:\/\/api.w.org\/{rel}","templated":true}]}}