{"id":441,"date":"2010-08-29T17:40:06","date_gmt":"2010-08-29T16:40:06","guid":{"rendered":"http:\/\/solar-initiative-rudolstadt.de\/?page_id=441"},"modified":"2025-10-15T10:22:02","modified_gmt":"2025-10-15T09:22:02","slug":"anlagenuberwachung","status":"publish","type":"page","link":"http:\/\/solar-initiative-rudolstadt.de\/?page_id=441","title":{"rendered":"Anlagen\u00fcberwachung"},"content":{"rendered":"<p style=\"text-align: justify;\">F\u00fcr die Betreiber und Investoren einer PV-Anlage sind die erzielten Anlagenertr\u00e4ge von gro\u00dfem Interesse. Wir haben bei der Anlagenkonzeption den Aspekt mit der&nbsp; Anlagen\u00fcberwachung (Ausfall oder stark reduzierter Ertrag der Anlage bzw. St\u00f6rung des Wechselrichters) verbunden. Die aktuelle Leistung, deren Betriebszustand und auch den Vergleich mit den geplanten Ergebnissen k\u00f6nnen online eingesehen werden.<\/p>\n<p>Durch klicken auf den tagesbezogenen Balken wird der Tagesverlauf angezeigt. In die Jahres\u00fcbersicht kann durch anklicken des Monatsnamen navigiert werden.<\/p>\n<p><iframe loading=\"lazy\" src=\"https:\/\/rudolstadtbs1.self.logger.solar\/day.html\" width=\"760\" height=\"711\" frameborder=\"0\" marginwidth=\"0\" marginheight=\"0\">Loading&#8230;<\/iframe><\/p>\n","protected":false},"excerpt":{"rendered":"<p>F\u00fcr die Betreiber und Investoren einer PV-Anlage sind die erzielten Anlagenertr\u00e4ge von gro\u00dfem Interesse. Wir haben bei der Anlagenkonzeption den Aspekt mit der&nbsp; Anlagen\u00fcberwachung (Ausfall oder stark reduzierter Ertrag der Anlage bzw. St\u00f6rung des Wechselrichters) verbunden. Die aktuelle Leistung, deren Betriebszustand und auch den Vergleich mit den geplanten Ergebnissen k\u00f6nnen online eingesehen werden. Durch klicken &hellip; <\/p>\n<p class=\"link-more\"><a href=\"http:\/\/solar-initiative-rudolstadt.de\/?page_id=441\" class=\"more-link\"><span class=\"screen-reader-text\">\u201eAnlagen\u00fcberwachung\u201c<\/span> weiterlesen<\/a><\/p>\n","protected":false},"author":1,"featured_media":0,"parent":0,"menu_order":20,"comment_status":"closed","ping_status":"open","template":"","meta":{"ngg_post_thumbnail":0,"footnotes":""},"class_list":["post-441","page","type-page","status-publish","hentry"],"jetpack_shortlink":"https:\/\/wp.me\/Pgcb0b-77","jetpack_sharing_enabled":true,"_links":{"self":[{"href":"http:\/\/solar-initiative-rudolstadt.de\/index.php?rest_route=\/wp\/v2\/pages\/441","targetHints":{"allow":["GET"]}}],"collection":[{"href":"http:\/\/solar-initiative-rudolstadt.de\/index.php?rest_route=\/wp\/v2\/pages"}],"about":[{"href":"http:\/\/solar-initiative-rudolstadt.de\/index.php?rest_route=\/wp\/v2\/types\/page"}],"author":[{"embeddable":true,"href":"http:\/\/solar-initiative-rudolstadt.de\/index.php?rest_route=\/wp\/v2\/users\/1"}],"replies":[{"embeddable":true,"href":"http:\/\/solar-initiative-rudolstadt.de\/index.php?rest_route=%2Fwp%2Fv2%2Fcomments&post=441"}],"version-history":[{"count":2,"href":"http:\/\/solar-initiative-rudolstadt.de\/index.php?rest_route=\/wp\/v2\/pages\/441\/revisions"}],"predecessor-version":[{"id":691,"href":"http:\/\/solar-initiative-rudolstadt.de\/index.php?rest_route=\/wp\/v2\/pages\/441\/revisions\/691"}],"wp:attachment":[{"href":"http:\/\/solar-initiative-rudolstadt.de\/index.php?rest_route=%2Fwp%2Fv2%2Fmedia&parent=441"}],"curies":[{"name":"wp","href":"https:\/\/api.w.org\/{rel}","templated":true}]}}