{"id":9,"date":"2007-08-06T15:00:46","date_gmt":"2007-08-06T13:00:46","guid":{"rendered":"http:\/\/solar-initiative-rudolstadt.de\/?page_id=9"},"modified":"2010-09-19T17:42:00","modified_gmt":"2010-09-19T16:42:00","slug":"photovoltaik","status":"publish","type":"page","link":"http:\/\/solar-initiative-rudolstadt.de\/?page_id=9","title":{"rendered":"Photovoltaik"},"content":{"rendered":"<p><a href=\"http:\/\/solar-initiative-rudolstadt.de\/?p=136\">Was ist Photovoltaik ?<\/a><br \/>\n<a href=\"http:\/\/solar-initiative-rudolstadt.de\/?p=140\">Solarmodul<\/a><br \/>\n<a href=\"http:\/\/solar-initiative-rudolstadt.de\/?p=141\">Wechselrichter<\/a><br \/>\n<a href=\"http:\/\/solar-initiative-rudolstadt.de\/?p=142\">Z\u00e4hler<\/a><\/p>\n<p>Fragen zur Photovoltaik:<\/p>\n<ol start=\"1\" type=\"1\">\n<li><a href=\"http:\/\/solar-initiative-rudolstadt.de\/?p=142\">Aus welchen Komponenten      besteht eine Photovoltaikanlage?<\/a><\/li>\n<li><a href=\"http:\/\/solar-initiative-rudolstadt.de\/?p=143\">Ist mein Haus f\u00fcr eine      Photovoltaikanlage geeignet?<\/a><\/li>\n<li><a href=\"http:\/\/solar-initiative-rudolstadt.de\/?p=144\">Was ist die sinnvolle Gr\u00f6\u00dfe      f\u00fcr eine Photovoltaikanlage?<\/a><\/li>\n<li><a href=\"http:\/\/solar-initiative-rudolstadt.de\/?p=145\">Wie viel Energie produziert      eine Photovoltaikanlage?<\/a><\/li>\n<li><a href=\"http:\/\/solar-initiative-rudolstadt.de\/?p=146\">Muss der Solarstrom ins Netz      eingespeist werden?<\/a><\/li>\n<li><a href=\"http:\/\/solar-initiative-rudolstadt.de\/?p=147\">Welche Montagearten sind      m\u00f6glich?<\/a><\/li>\n<li><a href=\"http:\/\/solar-initiative-rudolstadt.de\/?p=148\">Wie hoch ist die Lebensdauer      einer Photovoltaikanlage?<\/a><\/li>\n<li><a href=\"http:\/\/solar-initiative-rudolstadt.de\/?p=149\">Muss eine Photovoltaikanlage      baulich genehmigt werden ?<\/a><\/li>\n<li><a href=\"http:\/\/solar-initiative-rudolstadt.de\/?p=150\">Wie teuer ist eine      Photovoltaikanlage?<\/a><\/li>\n<li><a href=\"http:\/\/solar-initiative-rudolstadt.de\/?p=151\">Wie hoch ist der Betriebs-      und Wartungsaufwand?<\/a><\/li>\n<\/ol>\n","protected":false},"excerpt":{"rendered":"<p>Was ist Photovoltaik ? Solarmodul Wechselrichter Z\u00e4hler Fragen zur Photovoltaik: Aus welchen Komponenten besteht eine Photovoltaikanlage? Ist mein Haus f\u00fcr eine Photovoltaikanlage geeignet? Was ist die sinnvolle Gr\u00f6\u00dfe f\u00fcr eine Photovoltaikanlage? Wie viel Energie produziert eine Photovoltaikanlage? Muss der Solarstrom ins Netz eingespeist werden? Welche Montagearten sind m\u00f6glich? Wie hoch ist die Lebensdauer einer Photovoltaikanlage? &hellip; <\/p>\n<p class=\"link-more\"><a href=\"http:\/\/solar-initiative-rudolstadt.de\/?page_id=9\" class=\"more-link\"><span class=\"screen-reader-text\">\u201ePhotovoltaik\u201c<\/span> weiterlesen<\/a><\/p>\n","protected":false},"author":1,"featured_media":0,"parent":0,"menu_order":90,"comment_status":"closed","ping_status":"closed","template":"","meta":{"ngg_post_thumbnail":0,"footnotes":""},"class_list":["post-9","page","type-page","status-publish","hentry"],"jetpack_shortlink":"https:\/\/wp.me\/Pgcb0b-9","jetpack_sharing_enabled":true,"_links":{"self":[{"href":"http:\/\/solar-initiative-rudolstadt.de\/index.php?rest_route=\/wp\/v2\/pages\/9","targetHints":{"allow":["GET"]}}],"collection":[{"href":"http:\/\/solar-initiative-rudolstadt.de\/index.php?rest_route=\/wp\/v2\/pages"}],"about":[{"href":"http:\/\/solar-initiative-rudolstadt.de\/index.php?rest_route=\/wp\/v2\/types\/page"}],"author":[{"embeddable":true,"href":"http:\/\/solar-initiative-rudolstadt.de\/index.php?rest_route=\/wp\/v2\/users\/1"}],"replies":[{"embeddable":true,"href":"http:\/\/solar-initiative-rudolstadt.de\/index.php?rest_route=%2Fwp%2Fv2%2Fcomments&post=9"}],"version-history":[{"count":0,"href":"http:\/\/solar-initiative-rudolstadt.de\/index.php?rest_route=\/wp\/v2\/pages\/9\/revisions"}],"wp:attachment":[{"href":"http:\/\/solar-initiative-rudolstadt.de\/index.php?rest_route=%2Fwp%2Fv2%2Fmedia&parent=9"}],"curies":[{"name":"wp","href":"https:\/\/api.w.org\/{rel}","templated":true}]}}